{"id":20536,"date":"2019-08-17T07:25:37","date_gmt":"2019-08-17T05:25:37","guid":{"rendered":"https:\/\/www.discoverypublisher.com\/es\/?page_id=20536"},"modified":"2021-12-18T05:52:15","modified_gmt":"2021-12-18T04:52:15","slug":"corinne-heline","status":"publish","type":"page","link":"https:\/\/www.discoverypublisher.com\/es\/autores\/corinne-heline\/","title":{"rendered":"Corinne Heline"},"content":{"rendered":"<p>[vc_row css_animation=&#8221;&#8221; row_type=&#8221;row&#8221; use_row_as_full_screen_section=&#8221;no&#8221; type=&#8221;full_width&#8221; angled_section=&#8221;no&#8221; text_align=&#8221;left&#8221; background_image_as_pattern=&#8221;without_pattern&#8221; background_color=&#8221;#ffffff&#8221; z_index=&#8221;&#8221; padding_top=&#8221;15&#8243;][vc_column]<blockquote class=' with_quote_icon' style=''><i class='fa fa-quote-right' style=''><\/i><h5 class='blockquote-text' style=''>Heline se uni\u00f3 a la Biblia de la Nuera Era y al Centro de la Filosof\u00eda en Santa Monica, California, adopt\u00f3 el lema: \u00abdedicado a los estudios dise\u00f1ados para ayudar al buscador moderno a una reorientaci\u00f3n espiritual a la Luz de la Sabidur\u00eda Antigua\u00bb.<\/h5><\/blockquote>[\/vc_column][\/vc_row][vc_row css_animation=&#8221;&#8221; row_type=&#8221;row&#8221; use_row_as_full_screen_section=&#8221;no&#8221; type=&#8221;full_width&#8221; angled_section=&#8221;no&#8221; text_align=&#8221;left&#8221; background_image_as_pattern=&#8221;without_pattern&#8221; padding_top=&#8221;25&#8243; z_index=&#8221;&#8221;][vc_column][vc_column_text]<\/p>\n<p style=\"text-align: justify;\">Corinne Heline (18 de agosto de 1882 en Atlanta, Georgia &#8211; 26 de julio de 1975) fue una autora estadounidense, m\u00edstica cristiana y ocultista que public\u00f3 28 libros.<\/p>\n<p style=\"text-align: justify;\">Naci\u00f3 en la acomodada familia Duke, parte de la aristocracia del viejo sur, recibi\u00f3 una gran herencia a los 16 a\u00f1os que le permiti\u00f3 auto publicar sus trabajos.<\/p>\n<p style=\"text-align: justify;\">Heline recibi\u00f3 una educaci\u00f3n cl\u00e1sica y religiosa. Fue una estudiante de toda la vida de los misterios antiguos. El iniciado de Rosacruz, Max Heindel, se convirti\u00f3 en su maestro en el Mount Ecclesia, donde conoci\u00f3 a otro pionero de la Nueva Era, Theodore Heline, quien se convirti\u00f3 en su esposo en 1938 y emprendi\u00f3 la publicaci\u00f3n de sus escritos m\u00edsticos y ocultos.<\/p>\n<p style=\"text-align: justify;\">Su obra maestra New Age Bible Interpretation (1954), en siete vol\u00famenes, fue seguida por muchas otras obras que interpretaban la antigua sabidur\u00eda. Es conocida mundialmente entre los estudiantes de esoterismo y ocultismo, y tambi\u00e9n en los c\u00edrculos de la Nueva Era como pionera, abriendo el camino a nuevos y vastos campos de investigaci\u00f3n relacionados a la venidera [Era de Acuario].<\/p>\n<p style=\"text-align: justify;\">Heline se uni\u00f3 a la Biblia de la Nuera Era y al Centro de la Filosof\u00eda en Santa Monica, California, adopt\u00f3 el lema: \u00abdedicado a los estudios dise\u00f1ados para ayudar al buscador moderno a una reorientaci\u00f3n espiritual a la Luz de la Sabidur\u00eda Antigua\u00bb.<\/p>\n<p>[\/vc_column_text][\/vc_column][\/vc_row][vc_row css_animation=&#8221;&#8221; row_type=&#8221;row&#8221; use_row_as_full_screen_section=&#8221;no&#8221; type=&#8221;full_width&#8221; angled_section=&#8221;no&#8221; text_align=&#8221;left&#8221; background_image_as_pattern=&#8221;without_pattern&#8221; padding_top=&#8221;69&#8243; z_index=&#8221;&#8221;][vc_column][vc_separator type=&#8221;transparent&#8221; down=&#8221;84&#8243;][\/vc_column][\/vc_row]<\/p>\n","protected":false},"excerpt":{"rendered":"<p>Heline se uni\u00f3 a la Biblia de la Nuera Era y al Centro de la Filosof\u00eda en Santa Monica, California, adopt\u00f3 el lema: \u00abdedicado a los estudios dise\u00f1ados para ayudar al buscador moderno a una reorientaci\u00f3n espiritual a la Luz de la Sabidur\u00eda Antigua\u00bb.<\/p>\n","protected":false},"author":1,"featured_media":20538,"parent":16021,"menu_order":0,"comment_status":"closed","ping_status":"closed","template":"","meta":{"_seopress_robots_primary_cat":"","ngg_post_thumbnail":0},"tags":[8767,8558,8921,8629,8768],"_links":{"self":[{"href":"https:\/\/www.discoverypublisher.com\/es\/wp-json\/wp\/v2\/pages\/20536"}],"collection":[{"href":"https:\/\/www.discoverypublisher.com\/es\/wp-json\/wp\/v2\/pages"}],"about":[{"href":"https:\/\/www.discoverypublisher.com\/es\/wp-json\/wp\/v2\/types\/page"}],"author":[{"embeddable":true,"href":"https:\/\/www.discoverypublisher.com\/es\/wp-json\/wp\/v2\/users\/1"}],"replies":[{"embeddable":true,"href":"https:\/\/www.discoverypublisher.com\/es\/wp-json\/wp\/v2\/comments?post=20536"}],"version-history":[{"count":5,"href":"https:\/\/www.discoverypublisher.com\/es\/wp-json\/wp\/v2\/pages\/20536\/revisions"}],"predecessor-version":[{"id":27944,"href":"https:\/\/www.discoverypublisher.com\/es\/wp-json\/wp\/v2\/pages\/20536\/revisions\/27944"}],"up":[{"embeddable":true,"href":"https:\/\/www.discoverypublisher.com\/es\/wp-json\/wp\/v2\/pages\/16021"}],"wp:featuredmedia":[{"embeddable":true,"href":"https:\/\/www.discoverypublisher.com\/es\/wp-json\/wp\/v2\/media\/20538"}],"wp:attachment":[{"href":"https:\/\/www.discoverypublisher.com\/es\/wp-json\/wp\/v2\/media?parent=20536"}],"wp:term":[{"taxonomy":"post_tag","embeddable":true,"href":"https:\/\/www.discoverypublisher.com\/es\/wp-json\/wp\/v2\/tags?post=20536"}],"curies":[{"name":"wp","href":"https:\/\/api.w.org\/{rel}","templated":true}]}}