{"id":16030,"date":"2014-08-29T08:14:06","date_gmt":"2014-08-29T06:14:06","guid":{"rendered":"https:\/\/www.discoverypublisher.com\/es\/?page_id=16030"},"modified":"2021-12-18T07:45:38","modified_gmt":"2021-12-18T06:45:38","slug":"yu-yongnian","status":"publish","type":"page","link":"https:\/\/www.discoverypublisher.com\/es\/autores\/yu-yongnian\/","title":{"rendered":"Yu Yongnian"},"content":{"rendered":"<p>[vc_row css_animation=&#8221;&#8221; row_type=&#8221;row&#8221; use_row_as_full_screen_section=&#8221;no&#8221; type=&#8221;full_width&#8221; angled_section=&#8221;no&#8221; text_align=&#8221;left&#8221; background_image_as_pattern=&#8221;without_pattern&#8221; background_color=&#8221;#ffffff&#8221; z_index=&#8221;&#8221; padding_top=&#8221;15&#8243;][vc_column]<blockquote class=' with_quote_icon' style=''><i class='fa fa-quote-right' style=''><\/i><h5 class='blockquote-text' style=''>El profesor Yu se convirti\u00f3 en la mayor autoridad en el campo del zhan zhuang y se gan\u00f3 el respeto de la comunidad internacional.<\/h5><\/blockquote>[\/vc_column][\/vc_row][vc_row css_animation=&#8221;&#8221; row_type=&#8221;row&#8221; use_row_as_full_screen_section=&#8221;no&#8221; type=&#8221;full_width&#8221; angled_section=&#8221;no&#8221; text_align=&#8221;left&#8221; background_image_as_pattern=&#8221;without_pattern&#8221; padding_top=&#8221;25&#8243; z_index=&#8221;&#8221;][vc_column width=&#8221;1\/3&#8243;][vc_single_image image=&#8221;20589&#8243; img_size=&#8221;medium&#8221; alignment=&#8221;center&#8221; style=&#8221;vc_box_rounded&#8221; qode_css_animation=&#8221;element_from_left&#8221; transition_delay=&#8221;0.3&#8243;][\/vc_column][vc_column width=&#8221;2\/3&#8243;][vc_column_text]<\/p>\n<p style=\"text-align: justify;\">El profesor Yu Yongnian fue uno de los primeros estudiantes del gran maestro Wang Xiangzhai. Tras muchos a\u00f1os de aprendizaje y pr\u00e1ctica a cargo del maestro Wang, el profesor Yu comenz\u00f3 a introducir la pr\u00e1ctica del zhan zhuang para tratar enfermedades cr\u00f3nicas en su hospital en Pek\u00edn.<\/p>\n<p>[\/vc_column_text][\/vc_column][\/vc_row][vc_row css_animation=&#8221;&#8221; row_type=&#8221;row&#8221; use_row_as_full_screen_section=&#8221;no&#8221; type=&#8221;full_width&#8221; angled_section=&#8221;no&#8221; text_align=&#8221;left&#8221; background_image_as_pattern=&#8221;without_pattern&#8221; padding_top=&#8221;49&#8243; z_index=&#8221;&#8221;][vc_column width=&#8221;2\/3&#8243;][vc_column_text]<\/p>\n<p style=\"text-align: justify;\">El \u00e9xito de esta medida fue tal, que tres a\u00f1os despu\u00e9s, en 1956, dio una conferencia en el Beijing Shoudong San Hospital para instaurar el sistema zhan zhuang en varios hospitales de China. Tras la Revoluci\u00f3n Cultural, el profesor Yu public\u00f3 una serie de innovadores libros sobre el sistema zhan zhuang.<\/p>\n<p style=\"text-align: justify;\">La primera edici\u00f3n de Zhan Zhuang for Health se public\u00f3 en febrero de 1982.<\/p>\n<p style=\"text-align: justify;\">Durante m\u00e1s de 7 d\u00e9cadas, el profesor Yu centr\u00f3 sus esfuerzos en el perfeccionamiento y aprendizaje de este arte.<\/p>\n<p style=\"text-align: justify;\">Fue siempre fiel a la tradici\u00f3n establecida por el gran maestro Wang Xiangzhai.<\/p>\n<p style=\"text-align: justify;\">El profesor Yu se convirti\u00f3 en la mayor autoridad en el campo del zhan zhuang y se gan\u00f3 el respeto de la comunidad internacional.<\/p>\n<p style=\"text-align: justify;\">Viaj\u00f3 por Asia y Europa, compartiendo sus conocimientos y guiando a practicantes del arte del zhan zhuang de muchos pa\u00edses.<\/p>\n<p>[\/vc_column_text][\/vc_column][vc_column width=&#8221;1\/3&#8243;][vc_single_image image=&#8221;20587&#8243; img_size=&#8221;medium&#8221; alignment=&#8221;center&#8221; style=&#8221;vc_box_rounded&#8221; qode_css_animation=&#8221;element_from_left&#8221; transition_delay=&#8221;0.3&#8243;][\/vc_column][\/vc_row][vc_row css_animation=&#8221;&#8221; row_type=&#8221;row&#8221; use_row_as_full_screen_section=&#8221;no&#8221; type=&#8221;full_width&#8221; angled_section=&#8221;no&#8221; text_align=&#8221;left&#8221; background_image_as_pattern=&#8221;without_pattern&#8221; background_color=&#8221;#ffffff&#8221; padding_top=&#8221;49&#8243; z_index=&#8221;&#8221;][vc_column][vc_column_text]<div class=\"ngg-galleria-parent nextgen_pro_horizontal_filmstrip\"\n     data-id=\"6049c3e2bb2ce2008f2c471460288b31\"\n     id=\"displayed_gallery_6049c3e2bb2ce2008f2c471460288b31\">\n\t<div class=\"ngg-galleria\"><\/div>\n\n    <div class=\"ngg-galleria-offscreen-seo-wrapper\">\n                    <a href=\"https:\/\/www.discoverypublisher.com\/es\/wp-content\/uploads\/sites\/1\/nggallery\/yu-yongnian\/yu-yongnian-1.jpg\"\n               title=\"Yu Yongnian\"\n               data-src=\"https:\/\/www.discoverypublisher.com\/es\/wp-content\/uploads\/sites\/1\/nggallery\/yu-yongnian\/yu-yongnian-1.jpg\"\n               data-thumbnail=\"https:\/\/www.discoverypublisher.com\/es\/wp-content\/uploads\/sites\/1\/nggallery\/yu-yongnian\/thumbs\/thumbs_yu-yongnian-1.jpg\"\n               data-image-id=\"885\"\n               data-title=\"Yu Yongnian\"\n               data-description=\"Yu Yongnian\"\n                class=\"ngg-fancybox\" rel=\"6049c3e2bb2ce2008f2c471460288b31\">\n                <picture>\n\t\n<source srcset='https:\/\/www.discoverypublisher.com\/es\/wp-content\/uploads\/sites\/1\/nggallery\/yu-yongnian\/yu-yongnian-1.jpg' media=''>\n<img title=\"Yu Yongnian\" alt=\"Yu Yongnian\" width=\"560\" height=\"800\" style=\"max-width:560px;max-height:800px\" src=\"https:\/\/www.discoverypublisher.com\/es\/wp-content\/uploads\/sites\/1\/nggallery\/yu-yongnian\/yu-yongnian-1.jpg\" srcset=\"https:\/\/www.discoverypublisher.com\/es\/wp-content\/uploads\/sites\/1\/nggallery\/yu-yongnian\/yu-yongnian-1.jpg\" onerror=\"nggRetryFailedImage(this);\"\/>\n<\/picture>            <\/a>\n                        <a href=\"https:\/\/www.discoverypublisher.com\/es\/wp-content\/uploads\/sites\/1\/nggallery\/yu-yongnian\/yu-yongnian-2.jpg\"\n               title=\"Yu Yongnian\"\n               data-src=\"https:\/\/www.discoverypublisher.com\/es\/wp-content\/uploads\/sites\/1\/nggallery\/yu-yongnian\/yu-yongnian-2.jpg\"\n               data-thumbnail=\"https:\/\/www.discoverypublisher.com\/es\/wp-content\/uploads\/sites\/1\/nggallery\/yu-yongnian\/thumbs\/thumbs_yu-yongnian-2.jpg\"\n               data-image-id=\"886\"\n               data-title=\"Yu Yongnian\"\n               data-description=\"Yu Yongnian\"\n                class=\"ngg-fancybox\" rel=\"6049c3e2bb2ce2008f2c471460288b31\">\n                <picture>\n\t\n<source srcset='https:\/\/www.discoverypublisher.com\/es\/wp-content\/uploads\/sites\/1\/nggallery\/yu-yongnian\/yu-yongnian-2.jpg' media=''>\n<img title=\"Yu Yongnian\" alt=\"Yu Yongnian\" width=\"536\" height=\"800\" style=\"max-width:536px;max-height:800px\" src=\"https:\/\/www.discoverypublisher.com\/es\/wp-content\/uploads\/sites\/1\/nggallery\/yu-yongnian\/yu-yongnian-2.jpg\" srcset=\"https:\/\/www.discoverypublisher.com\/es\/wp-content\/uploads\/sites\/1\/nggallery\/yu-yongnian\/yu-yongnian-2.jpg\" onerror=\"nggRetryFailedImage(this);\"\/>\n<\/picture>            <\/a>\n                        <a href=\"https:\/\/www.discoverypublisher.com\/es\/wp-content\/uploads\/sites\/1\/nggallery\/yu-yongnian\/yu-yongnian-3.jpg\"\n               title=\"Yu Yongnian\"\n               data-src=\"https:\/\/www.discoverypublisher.com\/es\/wp-content\/uploads\/sites\/1\/nggallery\/yu-yongnian\/yu-yongnian-3.jpg\"\n               data-thumbnail=\"https:\/\/www.discoverypublisher.com\/es\/wp-content\/uploads\/sites\/1\/nggallery\/yu-yongnian\/thumbs\/thumbs_yu-yongnian-3.jpg\"\n               data-image-id=\"887\"\n               data-title=\"Yu Yongnian\"\n               data-description=\"Yu Yongnian\"\n                class=\"ngg-fancybox\" rel=\"6049c3e2bb2ce2008f2c471460288b31\">\n                <picture>\n\t\n<source srcset='https:\/\/www.discoverypublisher.com\/es\/wp-content\/uploads\/sites\/1\/nggallery\/yu-yongnian\/yu-yongnian-3.jpg' media=''>\n<img title=\"Yu Yongnian\" alt=\"Yu Yongnian\" width=\"800\" height=\"533\" style=\"max-width:800px;max-height:533px\" src=\"https:\/\/www.discoverypublisher.com\/es\/wp-content\/uploads\/sites\/1\/nggallery\/yu-yongnian\/yu-yongnian-3.jpg\" srcset=\"https:\/\/www.discoverypublisher.com\/es\/wp-content\/uploads\/sites\/1\/nggallery\/yu-yongnian\/yu-yongnian-3.jpg\" onerror=\"nggRetryFailedImage(this);\"\/>\n<\/picture>            <\/a>\n                        <a href=\"https:\/\/www.discoverypublisher.com\/es\/wp-content\/uploads\/sites\/1\/nggallery\/yu-yongnian\/yu-yongnian-4.jpg\"\n               title=\"Yu Yongnian\"\n               data-src=\"https:\/\/www.discoverypublisher.com\/es\/wp-content\/uploads\/sites\/1\/nggallery\/yu-yongnian\/yu-yongnian-4.jpg\"\n               data-thumbnail=\"https:\/\/www.discoverypublisher.com\/es\/wp-content\/uploads\/sites\/1\/nggallery\/yu-yongnian\/thumbs\/thumbs_yu-yongnian-4.jpg\"\n               data-image-id=\"888\"\n               data-title=\"Yu Yongnian\"\n               data-description=\"Yu Yongnian\"\n                class=\"ngg-fancybox\" rel=\"6049c3e2bb2ce2008f2c471460288b31\">\n                <picture>\n\t\n<source srcset='https:\/\/www.discoverypublisher.com\/es\/wp-content\/uploads\/sites\/1\/nggallery\/yu-yongnian\/yu-yongnian-4.jpg' media=''>\n<img title=\"Yu Yongnian\" alt=\"Yu Yongnian\" width=\"800\" height=\"549\" style=\"max-width:800px;max-height:549px\" src=\"https:\/\/www.discoverypublisher.com\/es\/wp-content\/uploads\/sites\/1\/nggallery\/yu-yongnian\/yu-yongnian-4.jpg\" srcset=\"https:\/\/www.discoverypublisher.com\/es\/wp-content\/uploads\/sites\/1\/nggallery\/yu-yongnian\/yu-yongnian-4.jpg\" onerror=\"nggRetryFailedImage(this);\"\/>\n<\/picture>            <\/a>\n                <\/div>\n<\/div>\n[\/vc_column_text][\/vc_column][\/vc_row][vc_row css_animation=&#8221;&#8221; row_type=&#8221;row&#8221; use_row_as_full_screen_section=&#8221;no&#8221; type=&#8221;full_width&#8221; angled_section=&#8221;no&#8221; text_align=&#8221;left&#8221; background_image_as_pattern=&#8221;without_pattern&#8221; padding_top=&#8221;69&#8243; z_index=&#8221;&#8221;][vc_column][vc_separator type=&#8221;transparent&#8221; down=&#8221;84&#8243;][\/vc_column][\/vc_row]<\/p>\n","protected":false},"excerpt":{"rendered":"<p>El Dr. Yu Yongnian era un experto en el mundo Zhan Zhuang. El Dr. Yu, comenz\u00f3 a aprender con Wang a los 24 a\u00f1os. Su obra es la referencia para los practicantes de Yiquan.<\/p>\n","protected":false},"author":1,"featured_media":20610,"parent":16021,"menu_order":0,"comment_status":"closed","ping_status":"closed","template":"","meta":{"_seopress_robots_primary_cat":"","ngg_post_thumbnail":0},"tags":[8767,8921,8629,8768,8572],"_links":{"self":[{"href":"https:\/\/www.discoverypublisher.com\/es\/wp-json\/wp\/v2\/pages\/16030"}],"collection":[{"href":"https:\/\/www.discoverypublisher.com\/es\/wp-json\/wp\/v2\/pages"}],"about":[{"href":"https:\/\/www.discoverypublisher.com\/es\/wp-json\/wp\/v2\/types\/page"}],"author":[{"embeddable":true,"href":"https:\/\/www.discoverypublisher.com\/es\/wp-json\/wp\/v2\/users\/1"}],"replies":[{"embeddable":true,"href":"https:\/\/www.discoverypublisher.com\/es\/wp-json\/wp\/v2\/comments?post=16030"}],"version-history":[{"count":9,"href":"https:\/\/www.discoverypublisher.com\/es\/wp-json\/wp\/v2\/pages\/16030\/revisions"}],"predecessor-version":[{"id":28023,"href":"https:\/\/www.discoverypublisher.com\/es\/wp-json\/wp\/v2\/pages\/16030\/revisions\/28023"}],"up":[{"embeddable":true,"href":"https:\/\/www.discoverypublisher.com\/es\/wp-json\/wp\/v2\/pages\/16021"}],"wp:featuredmedia":[{"embeddable":true,"href":"https:\/\/www.discoverypublisher.com\/es\/wp-json\/wp\/v2\/media\/20610"}],"wp:attachment":[{"href":"https:\/\/www.discoverypublisher.com\/es\/wp-json\/wp\/v2\/media?parent=16030"}],"wp:term":[{"taxonomy":"post_tag","embeddable":true,"href":"https:\/\/www.discoverypublisher.com\/es\/wp-json\/wp\/v2\/tags?post=16030"}],"curies":[{"name":"wp","href":"https:\/\/api.w.org\/{rel}","templated":true}]}}