{"id":1452,"date":"2013-10-16T12:05:38","date_gmt":"2013-10-16T10:05:38","guid":{"rendered":"http:\/\/demo.qodeinteractive.com\/bridge\/?page_id=1452"},"modified":"2026-03-15T14:39:58","modified_gmt":"2026-03-15T13:39:58","slug":"contactanos","status":"publish","type":"page","link":"https:\/\/www.discoverypublisher.com\/es\/contactanos\/","title":{"rendered":"Contactanos"},"content":{"rendered":"<p>[vc_row css_animation=&#8221;&#8221; row_type=&#8221;row&#8221; use_row_as_full_screen_section=&#8221;no&#8221; type=&#8221;full_width&#8221; angled_section=&#8221;no&#8221; text_align=&#8221;left&#8221; background_image_as_pattern=&#8221;without_pattern&#8221;][vc_column][vc_column_text]<\/p>\n<h3>NUESTRAS OFICINAS<\/h3>\n<p>[\/vc_column_text][vc_separator type=&#8221;transparent&#8221; up=&#8221;6&#8243; down=&#8221;6&#8243;][vc_column_text]<\/p>\n<h3>\u25ba Oficinas de la UE<\/h3>\n<p>24A Baggot Street Upper, Irlanda<\/p>\n<h3>\u25ba Oficinas de EE. UU.<\/h3>\n<p>1178 Broadway, 3.\u00aa planta, Nueva York<\/p>\n<h3>\u25ba Oficinas asi\u00e1ticas<\/h3>\n<p>246 Des Voeux Road, Hong Kong<br \/>\n&nbsp;<\/p>\n<h3>\u260e TEL: +1 347 354 2437<\/h3>\n<p><img loading=\"lazy\" class=\" wp-image-25526\" src=\"https:\/\/www.discoverypublisher.com\/es\/wp-content\/uploads\/2019\/08\/ediciones-discovery-logo-black.png\" alt=\"Ediciones Discovery | Discovery Publisher Spain\" width=\"231\" height=\"110\">[\/vc_column_text][\/vc_column][\/vc_row][vc_row css_animation=&#8221;&#8221; row_type=&#8221;row&#8221; use_row_as_full_screen_section=&#8221;no&#8221; type=&#8221;full_width&#8221; angled_section=&#8221;no&#8221; text_align=&#8221;left&#8221; background_image_as_pattern=&#8221;without_pattern&#8221;][vc_column][vc_separator type=&#8221;transparent&#8221; down=&#8221;84&#8243;][\/vc_column][\/vc_row]<\/p>\n","protected":false},"excerpt":{"rendered":"<p>P\u00f3ngase en contacto con los equipos de Discovery Publisher por correo electr\u00f3nico, tel\u00e9fono, fax, correo postal y directamente a trav\u00e9s de esta p\u00e1gina. No sea t\u00edmido, deje un mensaje.<\/p>\n","protected":false},"author":1,"featured_media":21095,"parent":0,"menu_order":0,"comment_status":"closed","ping_status":"closed","template":"contact-page.php","meta":{"ngg_post_thumbnail":0},"tags":[8867,8921,8629],"yst_prominent_words":[],"_links":{"self":[{"href":"https:\/\/www.discoverypublisher.com\/es\/wp-json\/wp\/v2\/pages\/1452"}],"collection":[{"href":"https:\/\/www.discoverypublisher.com\/es\/wp-json\/wp\/v2\/pages"}],"about":[{"href":"https:\/\/www.discoverypublisher.com\/es\/wp-json\/wp\/v2\/types\/page"}],"author":[{"embeddable":true,"href":"https:\/\/www.discoverypublisher.com\/es\/wp-json\/wp\/v2\/users\/1"}],"replies":[{"embeddable":true,"href":"https:\/\/www.discoverypublisher.com\/es\/wp-json\/wp\/v2\/comments?post=1452"}],"version-history":[{"count":10,"href":"https:\/\/www.discoverypublisher.com\/es\/wp-json\/wp\/v2\/pages\/1452\/revisions"}],"predecessor-version":[{"id":28977,"href":"https:\/\/www.discoverypublisher.com\/es\/wp-json\/wp\/v2\/pages\/1452\/revisions\/28977"}],"wp:featuredmedia":[{"embeddable":true,"href":"https:\/\/www.discoverypublisher.com\/es\/wp-json\/wp\/v2\/media\/21095"}],"wp:attachment":[{"href":"https:\/\/www.discoverypublisher.com\/es\/wp-json\/wp\/v2\/media?parent=1452"}],"wp:term":[{"taxonomy":"post_tag","embeddable":true,"href":"https:\/\/www.discoverypublisher.com\/es\/wp-json\/wp\/v2\/tags?post=1452"},{"taxonomy":"yst_prominent_words","embeddable":true,"href":"https:\/\/www.discoverypublisher.com\/es\/wp-json\/wp\/v2\/yst_prominent_words?post=1452"}],"curies":[{"name":"wp","href":"https:\/\/api.w.org\/{rel}","templated":true}]}}