{"id":13396,"date":"2014-03-24T10:54:51","date_gmt":"2014-03-24T09:54:51","guid":{"rendered":"http:\/\/demo.qodeinteractive.com\/bridge\/?page_id=13396"},"modified":"2026-03-11T08:36:14","modified_gmt":"2026-03-11T07:36:14","slug":"about-us","status":"publish","type":"page","link":"https:\/\/www.discoverypublisher.com\/es\/sobre-nosotros\/","title":{"rendered":"Sobre nosotros"},"content":{"rendered":"<p>[vc_row css_animation=&#8221;&#8221; row_type=&#8221;row&#8221; use_row_as_full_screen_section=&#8221;no&#8221; type=&#8221;grid&#8221; angled_section=&#8221;no&#8221; text_align=&#8221;left&#8221; background_image_as_pattern=&#8221;without_pattern&#8221; background_color=&#8221;#ffffff&#8221; padding_top=&#8221;49&#8243; z_index=&#8221;&#8221;][vc_column][vc_column_text]<\/p>\n<h1 style=\"text-align: center;\">DISCOVERY PUBLISHER<\/h1>\n<p>[\/vc_column_text][vc_separator type=&#8221;transparent&#8221; up=&#8221;5&#8243;][vc_column_text]<\/p>\n<h4 style=\"text-align: center;\">Bienvenido a una asociaci\u00f3n de prestigio.<\/h4>\n<h4 style=\"text-align: center;\">No solo publicamos libros; preservamos legados.<\/h4>\n<p>[\/vc_column_text][vc_separator type=&#8221;transparent&#8221; up=&#8221;25&#8243;][vc_single_image image=&#8221;13193&#8243; img_size=&#8221;full&#8221; alignment=&#8221;center&#8221; style=&#8221;vc_box_rounded&#8221; qode_css_animation=&#8221;element_from_bottom&#8221; transition_delay=&#8221;0.3&#8243;][\/vc_column][\/vc_row][vc_row css_animation=&#8221;&#8221; row_type=&#8221;row&#8221; use_row_as_full_screen_section=&#8221;no&#8221; type=&#8221;grid&#8221; angled_section=&#8221;no&#8221; text_align=&#8221;left&#8221; background_image_as_pattern=&#8221;without_pattern&#8221; background_color=&#8221;#ffffff&#8221; padding_top=&#8221;49&#8243; z_index=&#8221;&#8221;][vc_column][vc_column_text]<\/p>\n<h2 style=\"text-align: center;\">La artesan\u00eda: mejora del manuscrito y edici\u00f3n estructural<\/h2>\n<p>[\/vc_column_text][vc_separator type=&#8221;transparent&#8221; up=&#8221;10&#8243;][vc_row_inner row_type=&#8221;row&#8221; type=&#8221;full_width&#8221; text_align=&#8221;left&#8221; css_animation=&#8221;&#8221;][vc_column_inner width=&#8221;1\/6&#8243;][\/vc_column_inner][vc_column_inner width=&#8221;2\/3&#8243;][vc_column_text]<\/p>\n<div id=\"u_jsonp_4_n\">\n<p class=\"_4wyf\" style=\"text-align: justify;\">Creemos que la sabidur\u00eda transformadora merece m\u00e1s que una simple imprenta; merece un mecenas. Cada manuscrito aceptado en Discovery Publisher se somete a un riguroso proceso de <strong>edici\u00f3n estructural<\/strong> y <strong>mejora del manuscrito<\/strong>.<\/p>\n<p class=\"_4wyf\" style=\"text-align: justify;\">Colaboramos con usted para refinar la arquitectura de su obra, pulir su prosa y potenciar su mensaje, garantizando que su voz \u00fanica se escuche con absoluta claridad. En una era de edici\u00f3n automatizada, mantenemos un est\u00e1ndar de excelencia: un trabajo <strong>creado con esmero<\/strong>.<\/p>\n<\/div>\n<p>[\/vc_column_text][\/vc_column_inner][vc_column_inner width=&#8221;1\/6&#8243;][\/vc_column_inner][\/vc_row_inner][\/vc_column][\/vc_row][vc_row css_animation=&#8221;&#8221; row_type=&#8221;row&#8221; use_row_as_full_screen_section=&#8221;no&#8221; type=&#8221;grid&#8221; angled_section=&#8221;no&#8221; text_align=&#8221;left&#8221; background_image_as_pattern=&#8221;without_pattern&#8221; background_color=&#8221;#ffffff&#8221; padding_top=&#8221;60&#8243; z_index=&#8221;&#8221;][vc_column][vc_column_text]<\/p>\n<h2 style=\"text-align: center;\">La presencia: distribuci\u00f3n global multicanal<\/h2>\n<p>[\/vc_column_text][vc_separator type=&#8221;transparent&#8221; up=&#8221;10&#8243;][vc_row_inner row_type=&#8221;row&#8221; type=&#8221;full_width&#8221; text_align=&#8221;left&#8221; css_animation=&#8221;&#8221;][vc_column_inner width=&#8221;1\/6&#8243;][\/vc_column_inner][vc_column_inner width=&#8221;2\/3&#8243;][vc_column_text]<\/p>\n<div id=\"u_jsonp_4_n\">\n<p class=\"_4wyf\" style=\"text-align: justify;\">Su mensaje no debe tener fronteras. Gracias a nuestro modelo de edici\u00f3n &#8220;Headless&#8221;, gestionamos las complejidades de la log\u00edstica internacional para que usted no tenga que preocuparse por ello.<\/p>\n<ul>\n<li style=\"list-style-type: none;\">\n<ul>\n<li class=\"_4wyf\" style=\"text-align: justify;\"><strong>El legado f\u00edsico:<\/strong> Facilitamos su presencia en las principales librer\u00edas y bibliotecas de cinco continentes. Nuestras capacidades de producci\u00f3n abarcan desde ediciones de tapa dura de gran calidad hasta libros de bolsillo producidos en una amplia gama de papeles especializados, seleccionados espec\u00edficamente para su t\u00edtulo.<\/li>\n<li class=\"_4wyf\" style=\"text-align: justify;\"><strong>La huella digital:<\/strong> Ofrecemos una integraci\u00f3n nativa y fluida con las plataformas digitales m\u00e1s potentes del mundo, incluyendo Kindle, Apple, Google y una vasta red de minoristas electr\u00f3nicos globales. Su obra estar\u00e1 disponible en todos los dispositivos modernos, cerrando la brecha entre el papel tradicional y la tinta digital.<\/li>\n<li class=\"_4wyf\" style=\"text-align: justify;\"><strong>La dimensi\u00f3n auditiva:<\/strong> Ampliamos su alcance al creciente p\u00fablico de oyentes produciendo y distribuyendo audiolibros en las principales plataformas mundiales como Spotify, garantizando que su relato se escuche all\u00ed donde su audiencia consuma contenido.<\/li>\n<\/ul>\n<\/li>\n<\/ul>\n<\/div>\n<p>[\/vc_column_text][\/vc_column_inner][vc_column_inner width=&#8221;1\/6&#8243;][\/vc_column_inner][\/vc_row_inner][\/vc_column][\/vc_row][vc_row css_animation=&#8221;&#8221; row_type=&#8221;row&#8221; use_row_as_full_screen_section=&#8221;no&#8221; type=&#8221;grid&#8221; angled_section=&#8221;no&#8221; text_align=&#8221;left&#8221; background_image_as_pattern=&#8221;without_pattern&#8221; background_color=&#8221;#ffffff&#8221; padding_top=&#8221;60&#8243; z_index=&#8221;&#8221;][vc_column][vc_column_text]<\/p>\n<h2 style=\"text-align: center;\">La validaci\u00f3n: visibilidad profesional selectiva<\/h2>\n<p>[\/vc_column_text][vc_separator type=&#8221;transparent&#8221; up=&#8221;10&#8243;][vc_row_inner row_type=&#8221;row&#8221; type=&#8221;full_width&#8221; text_align=&#8221;left&#8221; css_animation=&#8221;&#8221;][vc_column_inner width=&#8221;1\/6&#8243;][\/vc_column_inner][vc_column_inner width=&#8221;2\/3&#8243;][vc_column_text]<\/p>\n<div id=\"u_jsonp_4_n\">\n<p class=\"_4wyf\" style=\"text-align: justify;\">La validaci\u00f3n profesional es una inversi\u00f3n estrat\u00e9gica. Para nuestros <strong>t\u00edtulos destacados<\/strong> \u2014 aquellos donde el potencial de la obra se combina con el compromiso del autor en la promoci\u00f3n p\u00fablica\u2014 Discovery Publisher gestiona las relaciones de alto nivel necesarias para el \u00e9xito profesional:<\/p>\n<ul>\n<li style=\"list-style-type: none;\">\n<ul>\n<li class=\"_4wyf\" style=\"text-align: justify;\"><strong>Cr\u00edtica literaria:<\/strong> Para manuscritos seleccionados, facilitamos el env\u00edo a los medios m\u00e1s prestigiosos del sector para obtener los &#8220;sellos de excelencia&#8221; que buscan los compradores de librer\u00edas y los bibliotecarios.<\/li>\n<li class=\"_4wyf\" style=\"text-align: justify;\"><strong>Redes de bibliotecarios e influencers:<\/strong> Utilizamos plataformas profesionales de referencia para presentar las obras a miles de cr\u00edticos especializados. Este servicio est\u00e1 reservado para asociaciones donde el autor y la editorial est\u00e1n en pleno alineamiento de marketing, garantizando que el lanzamiento est\u00e9 respaldado por un reconocimiento leg\u00edtimo.<\/li>\n<\/ul>\n<\/li>\n<\/ul>\n<\/div>\n<p>[\/vc_column_text][\/vc_column_inner][vc_column_inner width=&#8221;1\/6&#8243;][\/vc_column_inner][\/vc_row_inner][\/vc_column][\/vc_row][vc_row css_animation=&#8221;&#8221; row_type=&#8221;row&#8221; use_row_as_full_screen_section=&#8221;no&#8221; type=&#8221;grid&#8221; angled_section=&#8221;no&#8221; text_align=&#8221;left&#8221; background_image_as_pattern=&#8221;without_pattern&#8221; background_color=&#8221;#ffffff&#8221; padding_top=&#8221;60&#8243; z_index=&#8221;&#8221;][vc_column][vc_column_text]<\/p>\n<h2 style=\"text-align: center;\">Una asociaci\u00f3n basada en la \u00e9tica<\/h2>\n<p>[\/vc_column_text][vc_separator type=&#8221;transparent&#8221; up=&#8221;10&#8243;][vc_row_inner row_type=&#8221;row&#8221; type=&#8221;full_width&#8221; text_align=&#8221;left&#8221; css_animation=&#8221;&#8221;][vc_column_inner width=&#8221;1\/6&#8243;][\/vc_column_inner][vc_column_inner width=&#8221;2\/3&#8243;][vc_column_text]<\/p>\n<div id=\"u_jsonp_4_n\">\n<p class=\"_4wyf\" style=\"text-align: justify;\">Discovery Publisher se fund\u00f3 sobre el principio de que un visionario nunca deber\u00eda pagar por el privilegio de compartir su visi\u00f3n.<\/p>\n<ul>\n<li style=\"list-style-type: none;\">\n<ul>\n<li class=\"_4wyf\" style=\"text-align: justify;\"><strong>Sin autoedici\u00f3n de pago (Vanity Press):<\/strong> No somos una &#8220;editorial de vanidad&#8221;. No publicamos memorias personales ni proyectos familiares privados. Seleccionamos nuestros t\u00edtulos en funci\u00f3n de su m\u00e9rito literario y su viabilidad comercial global. Como casa editorial que prioriza la asociaci\u00f3n, no cobramos a nuestros autores por la edici\u00f3n, el dise\u00f1o o la distribuci\u00f3n.<\/li>\n<li class=\"_4wyf\" style=\"text-align: justify;\"><strong>Traducci\u00f3n y publicaci\u00f3n global:<\/strong> Para los manuscritos con un fuerte potencial internacional, ofrecemos traducci\u00f3n interna a los principales idiomas del mundo, totalmente a nuestro cargo. No solo publicamos su obra; la localizamos para los mercados globales.<\/li>\n<li class=\"_4wyf\" style=\"text-align: justify;\"><strong>Transparencia en los derechos:<\/strong> Usted es el guardi\u00e1n de su propiedad intelectual. Nuestros autores conservan el 100% de sus derechos de autor primarios. Nosotros proporcionamos el puente t\u00e9cnico y ling\u00fc\u00edstico; usted conserva las llaves de su creaci\u00f3n.<\/li>\n<li class=\"_4wyf\" style=\"text-align: justify;\"><strong>Libertad de expresi\u00f3n:<\/strong> Creemos que el progreso de la conciencia humana depende del libre intercambio de ideas. Defendemos firmemente la libertad de expresi\u00f3n y ofrecemos una plataforma para voces audaces y visionarias que, de otro modo, podr\u00edan ser silenciadas por la cautela de los grandes grupos editoriales.<\/li>\n<\/ul>\n<\/li>\n<\/ul>\n<\/div>\n<p>[\/vc_column_text][\/vc_column_inner][vc_column_inner width=&#8221;1\/6&#8243;][\/vc_column_inner][\/vc_row_inner][\/vc_column][\/vc_row][vc_row css_animation=&#8221;&#8221; row_type=&#8221;row&#8221; use_row_as_full_screen_section=&#8221;no&#8221; type=&#8221;grid&#8221; angled_section=&#8221;no&#8221; text_align=&#8221;left&#8221; background_image_as_pattern=&#8221;without_pattern&#8221; background_color=&#8221;#ffffff&#8221; padding_top=&#8221;60&#8243; z_index=&#8221;&#8221;][vc_column][vc_column_text]<\/p>\n<h2 style=\"text-align: center;\">Afiliaciones profesionales y est\u00e1ndares de la industria<\/h2>\n<p>[\/vc_column_text][vc_separator type=&#8221;transparent&#8221; up=&#8221;10&#8243;][vc_row_inner row_type=&#8221;row&#8221; type=&#8221;full_width&#8221; text_align=&#8221;left&#8221; css_animation=&#8221;&#8221;][vc_column_inner width=&#8221;1\/6&#8243;][\/vc_column_inner][vc_column_inner width=&#8221;2\/3&#8243;][vc_column_text]<\/p>\n<div id=\"u_jsonp_4_n\">\n<p class=\"_4wyf\" style=\"text-align: justify;\">Como parte de nuestro compromiso con la excelencia profesional y la \u00e9tica editorial, Discovery Publisher es miembro de la <strong>Independent Book Publishers Association (IBPA)<\/strong> y se adhiere a su c\u00f3digo \u00e9tico y a las pr\u00e1cticas profesionales de publicaci\u00f3n de la industria.<\/p>\n<\/div>\n<p>[\/vc_column_text][\/vc_column_inner][vc_column_inner width=&#8221;1\/6&#8243;][\/vc_column_inner][\/vc_row_inner][\/vc_column][\/vc_row][vc_row css_animation=&#8221;&#8221; row_type=&#8221;row&#8221; use_row_as_full_screen_section=&#8221;no&#8221; type=&#8221;grid&#8221; angled_section=&#8221;no&#8221; text_align=&#8221;left&#8221; background_image_as_pattern=&#8221;without_pattern&#8221; background_color=&#8221;#ffffff&#8221; padding_top=&#8221;60&#8243; z_index=&#8221;&#8221;][vc_column][vc_column_text]<\/p>\n<h2 style=\"text-align: center;\">\u00bfEst\u00e1 listo para darle voz a su visi\u00f3n?<\/h2>\n<p>[\/vc_column_text][vc_separator type=&#8221;transparent&#8221; up=&#8221;10&#8243;][vc_row_inner row_type=&#8221;row&#8221; type=&#8221;full_width&#8221; text_align=&#8221;left&#8221; css_animation=&#8221;&#8221;][vc_column_inner width=&#8221;1\/6&#8243;][\/vc_column_inner][vc_column_inner width=&#8221;2\/3&#8243;][vc_column_text]<\/p>\n<div id=\"u_jsonp_4_n\">\n<p class=\"_4wyf\" style=\"text-align: justify;\">Discovery Publisher est\u00e1 revisando actualmente manuscritos que se alinean con nuestra misi\u00f3n de transformaci\u00f3n personal, libertad intelectual y despertar espiritual.<\/p>\n<\/div>\n<p>[\/vc_column_text][\/vc_column_inner][vc_column_inner width=&#8221;1\/6&#8243;][\/vc_column_inner][\/vc_row_inner][\/vc_column][\/vc_row][vc_row css_animation=&#8221;&#8221; row_type=&#8221;row&#8221; use_row_as_full_screen_section=&#8221;no&#8221; type=&#8221;grid&#8221; angled_section=&#8221;no&#8221; text_align=&#8221;center&#8221; background_image_as_pattern=&#8221;without_pattern&#8221; background_color=&#8221;#ffffff&#8221; padding_top=&#8221;60&#8243; z_index=&#8221;&#8221;][vc_column]<a  itemprop=\"url\" href=\"https:\/\/www.discoverypublisher.com\/legal\/submit-your-manuscript\/\" target=\"_self\"  class=\"qbutton  center default\" style=\"\">Presentar un manuscrito<\/a>[\/vc_column][\/vc_row][vc_row css_animation=&#8221;&#8221; row_type=&#8221;row&#8221; use_row_as_full_screen_section=&#8221;no&#8221; type=&#8221;full_width&#8221; angled_section=&#8221;no&#8221; text_align=&#8221;left&#8221; background_image_as_pattern=&#8221;without_pattern&#8221; z_index=&#8221;&#8221;][vc_column][vc_separator type=&#8221;transparent&#8221; down=&#8221;84&#8243;][\/vc_column][\/vc_row]<\/p>\n","protected":false},"excerpt":{"rendered":"<p>Ediciones Discovery es una editorial multimedia cuya misi\u00f3n es inspirar y apoyar la transformaci\u00f3n personal, el crecimiento espiritual y el despertar.<\/p>\n","protected":false},"author":1,"featured_media":20889,"parent":0,"menu_order":0,"comment_status":"closed","ping_status":"closed","template":"full_width.php","meta":{"ngg_post_thumbnail":0},"tags":[8711,8698,8851,8854,8685,8518,8547,8913,8557,8600,8921,8915,8694,8629,8522,8513,8884,8849,8906,8582,8896,8897,8878,8901,8520,8872,8914,8850,8538,8835,8510],"yst_prominent_words":[],"_links":{"self":[{"href":"https:\/\/www.discoverypublisher.com\/es\/wp-json\/wp\/v2\/pages\/13396"}],"collection":[{"href":"https:\/\/www.discoverypublisher.com\/es\/wp-json\/wp\/v2\/pages"}],"about":[{"href":"https:\/\/www.discoverypublisher.com\/es\/wp-json\/wp\/v2\/types\/page"}],"author":[{"embeddable":true,"href":"https:\/\/www.discoverypublisher.com\/es\/wp-json\/wp\/v2\/users\/1"}],"replies":[{"embeddable":true,"href":"https:\/\/www.discoverypublisher.com\/es\/wp-json\/wp\/v2\/comments?post=13396"}],"version-history":[{"count":10,"href":"https:\/\/www.discoverypublisher.com\/es\/wp-json\/wp\/v2\/pages\/13396\/revisions"}],"predecessor-version":[{"id":28970,"href":"https:\/\/www.discoverypublisher.com\/es\/wp-json\/wp\/v2\/pages\/13396\/revisions\/28970"}],"wp:featuredmedia":[{"embeddable":true,"href":"https:\/\/www.discoverypublisher.com\/es\/wp-json\/wp\/v2\/media\/20889"}],"wp:attachment":[{"href":"https:\/\/www.discoverypublisher.com\/es\/wp-json\/wp\/v2\/media?parent=13396"}],"wp:term":[{"taxonomy":"post_tag","embeddable":true,"href":"https:\/\/www.discoverypublisher.com\/es\/wp-json\/wp\/v2\/tags?post=13396"},{"taxonomy":"yst_prominent_words","embeddable":true,"href":"https:\/\/www.discoverypublisher.com\/es\/wp-json\/wp\/v2\/yst_prominent_words?post=13396"}],"curies":[{"name":"wp","href":"https:\/\/api.w.org\/{rel}","templated":true}]}}