{"id":28330,"date":"2026-04-28T05:16:05","date_gmt":"2026-04-28T03:16:05","guid":{"rendered":"https:\/\/www.discoverypublisher.com\/de\/?page_id=28330"},"modified":"2026-04-28T05:16:05","modified_gmt":"2026-04-28T03:16:05","slug":"rahel-staheli","status":"publish","type":"page","link":"https:\/\/www.discoverypublisher.com\/de\/autoren\/rahel-staheli\/","title":{"rendered":"Rahel St\u00e4heli"},"content":{"rendered":"<p>[vc_row css_animation=&#8221;&#8221; row_type=&#8221;row&#8221; use_row_as_full_screen_section=&#8221;no&#8221; type=&#8221;full_width&#8221; angled_section=&#8221;no&#8221; text_align=&#8221;left&#8221; background_image_as_pattern=&#8221;without_pattern&#8221; padding_top=&#8221;15&#8243; z_index=&#8221;&#8221;][vc_column]<blockquote class=' with_quote_icon' style=''><i class='fa fa-quote-right' style=''><\/i><h5 class='blockquote-text' style=''>Inneren Frieden erachte ich als sehr wichtig, um \u00e4u\u00dferen Frieden zu erzeugen und zu garantieren\u2026<\/h5><\/blockquote>[\/vc_column][\/vc_row][vc_row css_animation=&#8221;&#8221; row_type=&#8221;row&#8221; use_row_as_full_screen_section=&#8221;no&#8221; type=&#8221;full_width&#8221; angled_section=&#8221;no&#8221; text_align=&#8221;left&#8221; background_image_as_pattern=&#8221;without_pattern&#8221; padding_top=&#8221;25&#8243; z_index=&#8221;&#8221;][vc_column][vc_column_text]<\/p>\n<h3 class=\"p1\">Rahel St\u00e4heli: Eine Stimme f\u00fcr den inneren Frieden aus dem Herzen Balis<\/h3>\n<p>[\/vc_column_text][vc_separator type=&#8221;transparent&#8221; down=&#8221;5&#8243;][vc_column_text]Rahel St\u00e4heli ist eine spirituelle Heilerin und Autorin, deren Leben und Wirken eng mit der magischen Energie Balis verwoben sind. Geboren und aufgewachsen in Z\u00fcrich, Schweiz, folgte sie bereits im Alter von 30 Jahren einem Ruf, der sie 1992 nach Indonesien f\u00fchrte. Heute lebt sie im Nordosten der Insel, integriert in die traditionelle balinesische Kultur und verheiratet mit einem Mitglied der Priesterkaste.[\/vc_column_text][\/vc_column][\/vc_row][vc_row css_animation=&#8221;&#8221; row_type=&#8221;row&#8221; use_row_as_full_screen_section=&#8221;no&#8221; type=&#8221;full_width&#8221; angled_section=&#8221;no&#8221; text_align=&#8221;left&#8221; background_image_as_pattern=&#8221;without_pattern&#8221; padding_top=&#8221;25&#8243; z_index=&#8221;&#8221;][vc_column][vc_column_text]<\/p>\n<h3 class=\"p1\">Die Berufung: Erwachen und Lebensbestimmung<\/h3>\n<p>[\/vc_column_text][vc_separator type=&#8221;transparent&#8221; down=&#8221;5&#8243;][vc_column_text]In ihrer t\u00e4glichen Arbeit als Heilerin sieht Rahel ihre Berufung darin, Menschen an ihre wahre Essenz zu erinnern und sie dabei zu unterst\u00fctzen, ihre individuelle Lebensbestimmung zu finden. Diese ganzheitliche Lebensansicht \u2013 die \u00dcberzeugung, dass alles durch lebendige Energien miteinander verbunden ist \u2013 bildet das Fundament ihrer Philosophie. F\u00fcr Rahel ist Achtsamkeit und bewusstes Wahrnehmen der Schl\u00fcssel, um den inneren Frieden zu finden, der letztlich die Basis f\u00fcr den \u00e4u\u00dferen Frieden in unserer Welt darstellt.[\/vc_column_text][\/vc_column][\/vc_row][vc_row css_animation=&#8221;&#8221; row_type=&#8221;row&#8221; use_row_as_full_screen_section=&#8221;no&#8221; type=&#8221;full_width&#8221; angled_section=&#8221;no&#8221; text_align=&#8221;left&#8221; background_image_as_pattern=&#8221;without_pattern&#8221; padding_top=&#8221;25&#8243; z_index=&#8221;&#8221;][vc_column][vc_column_text]<\/p>\n<h3 class=\"p1\">Ein Ort des Wandels<\/h3>\n<p>[\/vc_column_text][vc_separator type=&#8221;transparent&#8221; down=&#8221;5&#8243;][vc_column_text]\u00dcber viele Jahre hinweg baute Rahel auf Bali ein eigenes <em>Health Resort<\/em> auf, das heute ein internationaler Anziehungspunkt f\u00fcr Menschen aus unterschiedlichsten L\u00e4ndern ist. In dieser Oase des R\u00fcckzugs lassen sich G\u00e4ste von ihrer ganzheitlichen Arbeitsweise ber\u00fchren und suchen Antworten auf die bedeutenden Zusammenh\u00e4nge ihres Lebens.[\/vc_column_text][\/vc_column][\/vc_row][vc_row css_animation=&#8221;&#8221; row_type=&#8221;row&#8221; use_row_as_full_screen_section=&#8221;no&#8221; type=&#8221;full_width&#8221; angled_section=&#8221;no&#8221; text_align=&#8221;left&#8221; background_image_as_pattern=&#8221;without_pattern&#8221; padding_top=&#8221;25&#8243; z_index=&#8221;&#8221;][vc_column][vc_column_text]<\/p>\n<h3 class=\"p1\">Das Buch: Ein Begleiter auf dem Lebensweg<\/h3>\n<p>[\/vc_column_text][vc_separator type=&#8221;transparent&#8221; down=&#8221;5&#8243;][vc_column_text]Inspiriert durch die tiefgreifenden Erfahrungen aus unz\u00e4hligen Lebensberatungen und langj\u00e4hrigen pers\u00f6nlichen Forschungen entschied sich Rahel, ihre Erkenntnisse in Buchform zu teilen. Ihr Werk ist mehr als nur ein Text \u00fcber spirituelles Erwachen und globales Wachstum; es versteht sich als ein wegbegeitendes Arbeitsbuch. Leser sind eingeladen, es intuitiv aufzuschlagen, um Unterst\u00fctzung bei spezifischen Lebensthemen zu finden und den notwendigen Wandel in sich selbst zu vollziehen.<\/p>\n<p>Heute sch\u00f6pft Rahel ihre Inspiration aus dem naturnahen Leben im Einklang mit der balinesischen Flora und Fauna. In der kostbaren Ruhe ihrer Wahlheimat schreibt sie \u00fcber die tiefen Fragen der Existenz, immer mit dem Ziel, die Menschheitsfamilie zu einer friedvollen Einheit zusammenzuf\u00fchren.[\/vc_column_text][\/vc_column][\/vc_row][vc_row css_animation=&#8221;&#8221; row_type=&#8221;row&#8221; use_row_as_full_screen_section=&#8221;no&#8221; type=&#8221;full_width&#8221; angled_section=&#8221;no&#8221; text_align=&#8221;left&#8221; background_image_as_pattern=&#8221;without_pattern&#8221; z_index=&#8221;&#8221;][vc_column][vc_separator type=&#8221;transparent&#8221; down=&#8221;84&#8243;][\/vc_column][\/vc_row]<\/p>\n","protected":false},"excerpt":{"rendered":"<p>Rahel St\u00e4heli ist spirituelle Heilerin auf Bali. Ihr Buch inspiriert Menschen dazu, pers\u00f6nliches inneres Wachstum und wahren Frieden zu finden.<\/p>\n","protected":false},"author":1,"featured_media":28333,"parent":16021,"menu_order":0,"comment_status":"closed","ping_status":"closed","template":"","meta":{"_seopress_robots_primary_cat":"","ngg_post_thumbnail":0},"tags":[9122,9232],"_links":{"self":[{"href":"https:\/\/www.discoverypublisher.com\/de\/wp-json\/wp\/v2\/pages\/28330"}],"collection":[{"href":"https:\/\/www.discoverypublisher.com\/de\/wp-json\/wp\/v2\/pages"}],"about":[{"href":"https:\/\/www.discoverypublisher.com\/de\/wp-json\/wp\/v2\/types\/page"}],"author":[{"embeddable":true,"href":"https:\/\/www.discoverypublisher.com\/de\/wp-json\/wp\/v2\/users\/1"}],"replies":[{"embeddable":true,"href":"https:\/\/www.discoverypublisher.com\/de\/wp-json\/wp\/v2\/comments?post=28330"}],"version-history":[{"count":4,"href":"https:\/\/www.discoverypublisher.com\/de\/wp-json\/wp\/v2\/pages\/28330\/revisions"}],"predecessor-version":[{"id":28337,"href":"https:\/\/www.discoverypublisher.com\/de\/wp-json\/wp\/v2\/pages\/28330\/revisions\/28337"}],"up":[{"embeddable":true,"href":"https:\/\/www.discoverypublisher.com\/de\/wp-json\/wp\/v2\/pages\/16021"}],"wp:featuredmedia":[{"embeddable":true,"href":"https:\/\/www.discoverypublisher.com\/de\/wp-json\/wp\/v2\/media\/28333"}],"wp:attachment":[{"href":"https:\/\/www.discoverypublisher.com\/de\/wp-json\/wp\/v2\/media?parent=28330"}],"wp:term":[{"taxonomy":"post_tag","embeddable":true,"href":"https:\/\/www.discoverypublisher.com\/de\/wp-json\/wp\/v2\/tags?post=28330"}],"curies":[{"name":"wp","href":"https:\/\/api.w.org\/{rel}","templated":true}]}}