{"id":28268,"date":"2026-03-20T09:51:27","date_gmt":"2026-03-20T08:51:27","guid":{"rendered":"https:\/\/www.discoverypublisher.com\/de\/?page_id=28268"},"modified":"2026-03-20T09:51:27","modified_gmt":"2026-03-20T08:51:27","slug":"nutzungsbedingungen","status":"publish","type":"page","link":"https:\/\/www.discoverypublisher.com\/de\/nutzungsbedingungen\/","title":{"rendered":"Nutzungsbedingungen"},"content":{"rendered":"<p>[vc_row css_animation=&#8221;&#8221; row_type=&#8221;row&#8221; use_row_as_full_screen_section=&#8221;no&#8221; type=&#8221;full_width&#8221; angled_section=&#8221;no&#8221; text_align=&#8221;left&#8221; background_image_as_pattern=&#8221;without_pattern&#8221; padding_top=&#8221;35&#8243; z_index=&#8221;&#8221;][vc_column width=&#8221;1\/6&#8243;][vc_separator type=&#8221;transparent&#8221; down=&#8221;5&#8243;][\/vc_column][vc_column width=&#8221;2\/3&#8243;][vc_column_text]Durch die Nutzung der Website von <strong>Discovery Publisher<\/strong> erkl\u00e4ren Sie sich mit den folgenden Bedingungen einverstanden:[\/vc_column_text][vc_separator type=&#8221;transparent&#8221; down=&#8221;5&#8243;][vc_column_text]<\/p>\n<h2>1. Eigentum an Inhalten<\/h2>\n<p>Alle Inhalte auf dieser Website sind Eigentum von Discovery Publisher oder unserer vertretenen Autoren. Eine Vervielf\u00e4ltigung oder Verbreitung ohne ausdr\u00fcckliche schriftliche Genehmigung ist nicht gestattet.[\/vc_column_text][vc_separator type=&#8221;transparent&#8221; down=&#8221;5&#8243;][vc_column_text]<\/p>\n<h2>2. Kein Agenturverh\u00e4ltnis<\/h2>\n<p>Die Einreichung eines Manuskripts oder die Kontaktaufnahme \u00fcber diese Website stellt keinen rechtlichen Vertrag \u00fcber eine Vertretung oder Ver\u00f6ffentlichung dar. Ein formelles Verh\u00e4ltnis kommt erst durch einen von beiden Parteien unterzeichneten schriftlichen Vertrag zustande.[\/vc_column_text][vc_separator type=&#8221;transparent&#8221; down=&#8221;5&#8243;][vc_column_text]<\/p>\n<h2>3. Benutzerverhalten<\/h2>\n<p>Wir freuen uns \u00fcber wohl\u00fcberlegte Anfragen. Jeglicher Versuch, die Sicherheit der Website zu beeintr\u00e4chtigen, ohne Genehmigung Daten f\u00fcr das Training von KI zu sammeln oder sch\u00e4dliche Dateien hochzuladen, ist jedoch strengstens untersagt.[\/vc_column_text][vc_separator type=&#8221;transparent&#8221; down=&#8221;5&#8243;][vc_column_text]<\/p>\n<h2>4. Haftungsbeschr\u00e4nkung<\/h2>\n<p>Discovery Publisher stellt diese Website ohne M\u00e4ngelgew\u00e4hr zur Verf\u00fcgung. Wir haften nicht f\u00fcr indirekte Sch\u00e4den oder Folgesch\u00e4den, die aus der Nutzung der Website resultieren.[\/vc_column_text][vc_separator type=&#8221;transparent&#8221; down=&#8221;5&#8243;][vc_column_text]<\/p>\n<h2>5. Anwendbares Recht<\/h2>\n<p>Diese Bedingungen unterliegen dem Recht von Irland, und alle Streitigkeiten werden vor den zust\u00e4ndigen Gerichten dieser Gerichtsbarkeit beigelegt.[\/vc_column_text][vc_separator type=&#8221;transparent&#8221; down=&#8221;5&#8243;][vc_column_text]<\/p>\n<h2>6. Kontaktdaten<\/h2>\n<p>Um Ihre Rechte geltend zu machen oder Fragen zu unseren Datenschutzpraktiken zu stellen, wenden Sie sich bitte an das <a href=\"https:\/\/www.discoverypublisher.com\/de\/kontakt\/\">Discovery Publisher Nutzungsbedingungen Team<\/a>.[\/vc_column_text][\/vc_column][vc_column width=&#8221;1\/6&#8243;][\/vc_column][\/vc_row][vc_row css_animation=&#8221;&#8221; row_type=&#8221;row&#8221; use_row_as_full_screen_section=&#8221;no&#8221; type=&#8221;full_width&#8221; angled_section=&#8221;no&#8221; text_align=&#8221;left&#8221; background_image_as_pattern=&#8221;without_pattern&#8221; background_color=&#8221;#ffffff&#8221; padding_top=&#8221;40&#8243;][vc_column][vc_separator type=&#8221;transparent&#8221; down=&#8221;40&#8243;][\/vc_column][\/vc_row]<\/p>\n","protected":false},"excerpt":{"rendered":"<p>Mit der Nutzung der Discovery Publisher-Website erkl\u00e4ren Sie sich mit den folgenden Bedingungen einverstanden: Eigentumsrechte an Inhalten, kein Vertretungsverh\u00e4ltnis, Nutzerverhalten, Haftungsbeschr\u00e4nkung, anwendbares Recht und Kontaktdaten.<\/p>\n","protected":false},"author":1,"featured_media":0,"parent":0,"menu_order":0,"comment_status":"closed","ping_status":"closed","template":"","meta":{"_seopress_robots_primary_cat":"","ngg_post_thumbnail":0},"tags":[9106,9201,9226],"_links":{"self":[{"href":"https:\/\/www.discoverypublisher.com\/de\/wp-json\/wp\/v2\/pages\/28268"}],"collection":[{"href":"https:\/\/www.discoverypublisher.com\/de\/wp-json\/wp\/v2\/pages"}],"about":[{"href":"https:\/\/www.discoverypublisher.com\/de\/wp-json\/wp\/v2\/types\/page"}],"author":[{"embeddable":true,"href":"https:\/\/www.discoverypublisher.com\/de\/wp-json\/wp\/v2\/users\/1"}],"replies":[{"embeddable":true,"href":"https:\/\/www.discoverypublisher.com\/de\/wp-json\/wp\/v2\/comments?post=28268"}],"version-history":[{"count":1,"href":"https:\/\/www.discoverypublisher.com\/de\/wp-json\/wp\/v2\/pages\/28268\/revisions"}],"predecessor-version":[{"id":28269,"href":"https:\/\/www.discoverypublisher.com\/de\/wp-json\/wp\/v2\/pages\/28268\/revisions\/28269"}],"wp:attachment":[{"href":"https:\/\/www.discoverypublisher.com\/de\/wp-json\/wp\/v2\/media?parent=28268"}],"wp:term":[{"taxonomy":"post_tag","embeddable":true,"href":"https:\/\/www.discoverypublisher.com\/de\/wp-json\/wp\/v2\/tags?post=28268"}],"curies":[{"name":"wp","href":"https:\/\/api.w.org\/{rel}","templated":true}]}}