{"id":28263,"date":"2026-03-20T09:08:14","date_gmt":"2026-03-20T08:08:14","guid":{"rendered":"https:\/\/www.discoverypublisher.com\/de\/?page_id=28263"},"modified":"2026-03-20T09:51:39","modified_gmt":"2026-03-20T08:51:39","slug":"ethik-kodex-standards","status":"publish","type":"page","link":"https:\/\/www.discoverypublisher.com\/de\/ethik-kodex-standards\/","title":{"rendered":"Ethik-Kodex &#038; Standards"},"content":{"rendered":"<p>[vc_row css_animation=&#8221;&#8221; row_type=&#8221;row&#8221; use_row_as_full_screen_section=&#8221;no&#8221; type=&#8221;full_width&#8221; angled_section=&#8221;no&#8221; text_align=&#8221;left&#8221; background_image_as_pattern=&#8221;without_pattern&#8221; padding_top=&#8221;35&#8243; z_index=&#8221;&#8221;][vc_column width=&#8221;1\/6&#8243;][vc_separator type=&#8221;transparent&#8221; down=&#8221;5&#8243;][\/vc_column][vc_column width=&#8221;2\/3&#8243;][vc_column_text]<strong>Discovery Publisher<\/strong> verpflichtet sich zu den h\u00f6chsten Standards professionellen Verhaltens in der Verlagsbranche. Wir richten unsere Arbeitsweise am <strong>Code of Standards der Alliance of Independent Authors (ALLi)<\/strong> aus.[\/vc_column_text][vc_separator type=&#8221;transparent&#8221; down=&#8221;5&#8243;][vc_column_text]<\/p>\n<h2>1. Transparenz &amp; Klarheit<\/h2>\n<p>Wir stellen f\u00fcr jedes Projekt klare, schriftliche Vereinbarungen bereit. Wir machen keine \u00fcbertriebenen Versprechungen bez\u00fcglich Verkaufszahlen oder Ergebnissen.[\/vc_column_text][vc_separator type=&#8221;transparent&#8221; down=&#8221;5&#8243;][vc_column_text]<\/p>\n<h2>2. Rechte &amp; Eigentum<\/h2>\n<p>Wir sind der Meinung, dass Autoren so viel Kontrolle und Eigentum an ihrem geistigen Eigentum wie m\u00f6glich behalten sollten.<\/p>\n<ul>\n<li><strong>Nicht-exklusive Optionen<\/strong>: Wann immer m\u00f6glich, bieten wir nicht-exklusive Vereinbarungen an.<\/li>\n<li><strong>R\u00fcckfall von Rechten<\/strong>: Unsere Vertr\u00e4ge enthalten klare K\u00fcndigungsklauseln und Bedingungen f\u00fcr den R\u00fcckfall der Rechte, falls ein Buch nicht mehr lieferbar ist.<\/li>\n<li><strong>Dateieigentum<\/strong>: Autoren haben nach Erf\u00fcllung der Vertragsbedingungen ein Recht auf die endg\u00fcltigen Produktionsdateien ihres Werkes.<\/li>\n<\/ul>\n<p>[\/vc_column_text][vc_separator type=&#8221;transparent&#8221; down=&#8221;5&#8243;][vc_column_text]<\/p>\n<h2>3. Ethische Finanzpraktiken<\/h2>\n<ul>\n<li><strong>Keine versteckten Geb\u00fchren<\/strong>: Alle Kosten werden im Voraus offengelegt. Wir erheben keine \u201eausbeuterischen\u201c Geb\u00fchren und verstecken keine Aufschl\u00e4ge bei Dienstleistungen Dritter wie Druck oder Vertrieb.<\/li>\n<li><strong>P\u00fcnktliche Tantiemen<\/strong>: Wir bieten eine transparente Tantiemenabrechnung und stellen sicher, dass die Zahlungen gem\u00e4\u00df dem im Vertrag vereinbarten Zeitplan erfolgen.<\/li>\n<\/ul>\n<p>[\/vc_column_text][vc_separator type=&#8221;transparent&#8221; down=&#8221;5&#8243;][vc_column_text]<\/p>\n<h2>4. Kommunikation &amp; Verantwortlichkeit<\/h2>\n<p>Wir behandeln unsere Autoren als Gleichgestellte und nicht nur als \u201eInhaltsersteller\u201c. Wir pflegen w\u00e4hrend des gesamten Prozesses \u2013 von der Bearbeitung \u00fcber das Design bis hin zur Verbreitung \u2013 einen offenen Kommunikationsfluss und stellen sicher, dass der Autor an allen wichtigen kreativen Entscheidungen beteiligt ist.[\/vc_column_text][vc_separator type=&#8221;transparent&#8221; down=&#8221;5&#8243;][vc_column_text]<\/p>\n<h2>5. KI &amp; Technologie<\/h2>\n<p>Im Einklang mit unserem Engagement f\u00fcr menschliche Kreativit\u00e4t nutzen wir Technologie \u2013 einschlie\u00dflich KI \u2013 nur als Werkzeug zur Effizienzsteigerung (z. B. f\u00fcr administrative Aufgaben) und niemals, um die zentrale kreative Stimme des Autors zu ersetzen.[\/vc_column_text][vc_separator type=&#8221;transparent&#8221; down=&#8221;5&#8243;][vc_column_text]<\/p>\n<h2>6. Kontaktdaten<\/h2>\n<p>Um Ihre Rechte geltend zu machen oder Fragen zu unseren Datenschutzpraktiken zu stellen, wenden Sie sich bitte an das <a href=\"https:\/\/www.discoverypublisher.com\/de\/kontakt\/\">Discovery Publisher Ethik-Kodex &amp; Standards Team<\/a>.[\/vc_column_text][\/vc_column][vc_column width=&#8221;1\/6&#8243;][\/vc_column][\/vc_row][vc_row css_animation=&#8221;&#8221; row_type=&#8221;row&#8221; use_row_as_full_screen_section=&#8221;no&#8221; type=&#8221;full_width&#8221; angled_section=&#8221;no&#8221; text_align=&#8221;left&#8221; background_image_as_pattern=&#8221;without_pattern&#8221; background_color=&#8221;#ffffff&#8221; padding_top=&#8221;40&#8243;][vc_column][vc_separator type=&#8221;transparent&#8221; down=&#8221;40&#8243;][\/vc_column][\/vc_row]<\/p>\n","protected":false},"excerpt":{"rendered":"<p>Discovery Publisher verpflichtet sich zu den h\u00f6chsten Standards professionellen Verhaltens in der Verlagsbranche. Wir richten unsere Arbeitsweise am Code of Standards der Alliance of Independent Authors (ALLi) aus.<\/p>\n","protected":false},"author":1,"featured_media":0,"parent":0,"menu_order":0,"comment_status":"closed","ping_status":"closed","template":"","meta":{"_seopress_robots_primary_cat":"","ngg_post_thumbnail":0},"tags":[9106,9201,9225],"_links":{"self":[{"href":"https:\/\/www.discoverypublisher.com\/de\/wp-json\/wp\/v2\/pages\/28263"}],"collection":[{"href":"https:\/\/www.discoverypublisher.com\/de\/wp-json\/wp\/v2\/pages"}],"about":[{"href":"https:\/\/www.discoverypublisher.com\/de\/wp-json\/wp\/v2\/types\/page"}],"author":[{"embeddable":true,"href":"https:\/\/www.discoverypublisher.com\/de\/wp-json\/wp\/v2\/users\/1"}],"replies":[{"embeddable":true,"href":"https:\/\/www.discoverypublisher.com\/de\/wp-json\/wp\/v2\/comments?post=28263"}],"version-history":[{"count":3,"href":"https:\/\/www.discoverypublisher.com\/de\/wp-json\/wp\/v2\/pages\/28263\/revisions"}],"predecessor-version":[{"id":28267,"href":"https:\/\/www.discoverypublisher.com\/de\/wp-json\/wp\/v2\/pages\/28263\/revisions\/28267"}],"wp:attachment":[{"href":"https:\/\/www.discoverypublisher.com\/de\/wp-json\/wp\/v2\/media?parent=28263"}],"wp:term":[{"taxonomy":"post_tag","embeddable":true,"href":"https:\/\/www.discoverypublisher.com\/de\/wp-json\/wp\/v2\/tags?post=28263"}],"curies":[{"name":"wp","href":"https:\/\/api.w.org\/{rel}","templated":true}]}}