{"id":28256,"date":"2026-03-20T08:09:54","date_gmt":"2026-03-20T07:09:54","guid":{"rendered":"https:\/\/www.discoverypublisher.com\/de\/?page_id=28256"},"modified":"2026-03-20T09:07:22","modified_gmt":"2026-03-20T08:07:22","slug":"datenschutzerklarung","status":"publish","type":"page","link":"https:\/\/www.discoverypublisher.com\/de\/datenschutzerklarung\/","title":{"rendered":"Datenschutzerkl\u00e4rung"},"content":{"rendered":"<p>[vc_row css_animation=&#8221;&#8221; row_type=&#8221;row&#8221; use_row_as_full_screen_section=&#8221;no&#8221; type=&#8221;full_width&#8221; angled_section=&#8221;no&#8221; text_align=&#8221;left&#8221; background_image_as_pattern=&#8221;without_pattern&#8221; padding_top=&#8221;35&#8243; z_index=&#8221;&#8221;][vc_column width=&#8221;1\/6&#8243;][vc_separator type=&#8221;transparent&#8221; down=&#8221;5&#8243;][\/vc_column][vc_column width=&#8221;2\/3&#8243;][vc_column_text]<\/p>\n<div id=\"model-response-message-contentr_0ece560dccacabc8\" class=\"markdown markdown-main-panel stronger enable-updated-hr-color\" dir=\"ltr\" aria-live=\"polite\" aria-busy=\"false\">\n<p data-path-to-node=\"5\">Bei <strong>Discovery Publisher<\/strong> glauben wir an das Prinzip \u201ePrivacy by Design\u201c (Datenschutz durch Technikgestaltung). Diese Richtlinie erkl\u00e4rt, wie wir personenbezogene Daten unserer Autoren, Leser und Partner verwalten.<\/p>\n<\/div>\n<p>[\/vc_column_text][vc_separator type=&#8221;transparent&#8221; down=&#8221;5&#8243;][vc_column_text]<\/p>\n<h2>1. Verantwortlicher &amp; Compliance (DSGVO\/CCPA)<\/h2>\n<p>Im Sinne der Datenschutz-Grundverordnung (DSGVO) und des California Consumer Privacy Act (CCPA) fungiert Discovery Publisher als Verantwortlicher.<\/p>\n<ul>\n<li><strong>Einwohner der EU<\/strong>: Wir verarbeiten Ihre Daten auf Grundlage des \u201eberechtigten Interesses\u201c (zur Bewertung und Verwaltung von Verlagsvertr\u00e4gen) und der \u201evertraglichen Notwendigkeit\u201c (zur Erf\u00fcllung unserer Verpflichtungen Ihnen gegen\u00fcber als Autor oder Leser).<\/li>\n<li><strong>Einwohner von Kalifornien<\/strong>: Wir \u201everkaufen\u201c Ihre personenbezogenen Daten nicht im Sinne des CCPA.<\/li>\n<\/ul>\n<p>[\/vc_column_text][vc_separator type=&#8221;transparent&#8221; down=&#8221;5&#8243;][vc_column_text]<\/p>\n<h2>2. Erhobene Daten &amp; Erhebungsmethoden<\/h2>\n<p>Wir erheben ein Minimum an Daten \u00fcber die folgenden Kan\u00e4le:<\/p>\n<ul>\n<li><strong>Einreichung von Manuskripten<\/strong>: Name, E-Mail-Adresse und beruflicher Werdegang, die von Ihnen bereitgestellt werden.<\/li>\n<li><strong>Buchvertrieb<\/strong>: Wenn Sie eine digitale Kopie oder ein Rezensionsexemplar (ARC), erhalten wir Ihren Namen und Ihre E-Mail-Adresse, um die Zustellung zu gew\u00e4hrleisten.<\/li>\n<li><strong>Direkte Kommunikation<\/strong>: Korrespondenz per E-Mail oder \u00fcber sichere Messaging-Dienste.<\/li>\n<\/ul>\n<p>[\/vc_column_text][vc_separator type=&#8221;transparent&#8221; down=&#8221;5&#8243;][vc_column_text]<\/p>\n<h2>3. Mailinglisten &amp; Drittanbieter<\/h2>\n<p>Obwohl wir derzeit keinen hochfrequenten Newsletter betreiben, k\u00f6nnen wir Ihre E-Mail-Adresse verwenden, um gelegentlich Updates zu Neuerscheinungen oder Autoren-News zu versenden.<\/p>\n<ul>\n<li><strong>Dienstleister<\/strong>: Wir k\u00f6nnen Drittanbieter wie Mailchimp oder \u00e4hnliche Plattformen nutzen, um diese Kommunikation zu verwalten.<\/li>\n<li><strong>Abmeldung (Opt-Out)<\/strong>: Jede E-Mail enth\u00e4lt einen deutlichen \u201eAbmelden\u201c-Link. Wir betreiben kein automatisiertes Profiling oder unsichtbares Tracking.<\/li>\n<\/ul>\n<p>[\/vc_column_text][vc_separator type=&#8221;transparent&#8221; down=&#8221;5&#8243;][vc_column_text]<\/p>\n<h2>4.Datensicherheit &amp; Speicherung<\/h2>\n<p>Wir behandeln Ihre Manuskripte und pers\u00f6nlichen Daten mit h\u00f6chster technischer Sorgfalt:<\/p>\n<ul>\n<li><strong>Verschl\u00fcsselung<\/strong>: Alle sensiblen Dateien werden unter Verwendung von Industriestandard-Verschl\u00fcsselung (AES-256) gespeichert.<\/li>\n<li><strong>Minimale Exposition<\/strong>: Wir priorisieren die lokale Verarbeitung auf sicherer Hardware und minimieren die Nutzung von Drittanbieter-Cloud-Tools, die Telemetriedaten erfassen.<\/li>\n<li><strong>Aufbewahrung<\/strong>: Wir bewahren Einreichungsdaten f\u00fcr die Dauer des Bewertungsprozesses auf. Bei Vertragsautoren werden die Daten f\u00fcr die Dauer des Vertrages zuz\u00fcglich der gesetzlich vorgeschriebenen steuerlichen und buchhalterischen Aufbewahrungsfristen gespeichert.<\/li>\n<\/ul>\n<p>[\/vc_column_text][vc_separator type=&#8221;transparent&#8221; down=&#8221;5&#8243;][vc_column_text]<\/p>\n<h2>5. Ihre Rechte<\/h2>\n<p>Gem\u00e4\u00df der DSGVO und dem CCPA stehen Ihnen folgende Rechte zu:<\/p>\n<p>Auskunftsrecht und Recht auf Daten\u00fcbertragbarkeit: Sie k\u00f6nnen eine Kopie der bei uns gespeicherten Daten anfordern.<\/p>\n<ul>\n<li><strong>Recht auf L\u00f6schung<\/strong>: Sie k\u00f6nnen verlangen, dass wir Ihre personenbezogenen Daten l\u00f6schen (das \u201eRecht auf Vergessenwerden\u201c), sofern dies nicht im Widerspruch zu unseren gesetzlichen oder vertraglichen Verpflichtungen steht.<\/li>\n<li><strong>Recht auf Berichtigung<\/strong>: Sie k\u00f6nnen uns auffordern, unrichtige Angaben zu aktualisieren.<\/li>\n<\/ul>\n<p>[\/vc_column_text][vc_separator type=&#8221;transparent&#8221; down=&#8221;5&#8243;][vc_column_text]<\/p>\n<h2>6. Kontaktdaten<\/h2>\n<p>Um Ihre Rechte geltend zu machen oder Fragen zu unseren Datenschutzpraktiken zu stellen, wenden Sie sich bitte an das <a href=\"https:\/\/www.discoverypublisher.com\/de\/kontakt\/\">Discovery Publisher Privacy Team<\/a>.[\/vc_column_text][\/vc_column][vc_column width=&#8221;1\/6&#8243;][\/vc_column][\/vc_row][vc_row css_animation=&#8221;&#8221; row_type=&#8221;row&#8221; use_row_as_full_screen_section=&#8221;no&#8221; type=&#8221;full_width&#8221; angled_section=&#8221;no&#8221; text_align=&#8221;left&#8221; background_image_as_pattern=&#8221;without_pattern&#8221; background_color=&#8221;#ffffff&#8221; padding_top=&#8221;40&#8243;][vc_column][vc_separator type=&#8221;transparent&#8221; down=&#8221;40&#8243;][\/vc_column][\/vc_row]<\/p>\n","protected":false},"excerpt":{"rendered":"<p>Bei Discovery Publisher glauben wir an das Prinzip \u201ePrivacy by Design\u201c (Datenschutz durch Technikgestaltung). Diese Richtlinie erkl\u00e4rt, wie wir personenbezogene Daten unserer Autoren, Leser und Partner verwalten.<\/p>\n","protected":false},"author":1,"featured_media":0,"parent":0,"menu_order":0,"comment_status":"closed","ping_status":"closed","template":"","meta":{"_seopress_robots_primary_cat":"","ngg_post_thumbnail":0},"tags":[9224,9106,9201],"_links":{"self":[{"href":"https:\/\/www.discoverypublisher.com\/de\/wp-json\/wp\/v2\/pages\/28256"}],"collection":[{"href":"https:\/\/www.discoverypublisher.com\/de\/wp-json\/wp\/v2\/pages"}],"about":[{"href":"https:\/\/www.discoverypublisher.com\/de\/wp-json\/wp\/v2\/types\/page"}],"author":[{"embeddable":true,"href":"https:\/\/www.discoverypublisher.com\/de\/wp-json\/wp\/v2\/users\/1"}],"replies":[{"embeddable":true,"href":"https:\/\/www.discoverypublisher.com\/de\/wp-json\/wp\/v2\/comments?post=28256"}],"version-history":[{"count":4,"href":"https:\/\/www.discoverypublisher.com\/de\/wp-json\/wp\/v2\/pages\/28256\/revisions"}],"predecessor-version":[{"id":28264,"href":"https:\/\/www.discoverypublisher.com\/de\/wp-json\/wp\/v2\/pages\/28256\/revisions\/28264"}],"wp:attachment":[{"href":"https:\/\/www.discoverypublisher.com\/de\/wp-json\/wp\/v2\/media?parent=28256"}],"wp:term":[{"taxonomy":"post_tag","embeddable":true,"href":"https:\/\/www.discoverypublisher.com\/de\/wp-json\/wp\/v2\/tags?post=28256"}],"curies":[{"name":"wp","href":"https:\/\/api.w.org\/{rel}","templated":true}]}}